{"id":1196,"date":"2025-08-17T15:50:03","date_gmt":"2025-08-17T15:50:03","guid":{"rendered":"https:\/\/ffivemoveis.com.br\/?page_id=1196"},"modified":"2026-03-18T18:02:40","modified_gmt":"2026-03-18T18:02:40","slug":"diferenciais","status":"publish","type":"page","link":"https:\/\/ffivemoveis.com.br\/index.php\/diferenciais\/","title":{"rendered":"Diferenciais"},"content":{"rendered":"\t\t<div data-elementor-type=\"wp-page\" data-elementor-id=\"1196\" class=\"elementor elementor-1196\" data-elementor-settings=\"{&quot;ha_cmc_init_switcher&quot;:&quot;no&quot;}\" data-elementor-post-type=\"page\">\n\t\t\t\t<div class=\"elementor-element elementor-element-162ec4c e-con-full e-flex e-con e-parent\" data-id=\"162ec4c\" data-element_type=\"container\" data-e-type=\"container\" data-settings=\"{&quot;background_background&quot;:&quot;classic&quot;,&quot;_ha_eqh_enable&quot;:false}\">\n\t\t<div class=\"elementor-element elementor-element-37ac0f9 e-con-full e-flex e-con e-child\" data-id=\"37ac0f9\" data-element_type=\"container\" data-e-type=\"container\" data-settings=\"{&quot;background_background&quot;:&quot;classic&quot;,&quot;_ha_eqh_enable&quot;:false}\">\n\t\t\t\t<div class=\"elementor-element elementor-element-95c5fb6 elementor-widget__width-initial animated-slow elementor-invisible elementor-widget elementor-widget-heading\" data-id=\"95c5fb6\" data-element_type=\"widget\" data-e-type=\"widget\" data-settings=\"{&quot;_animation&quot;:&quot;fadeInUp&quot;}\" data-widget_type=\"heading.default\">\n\t\t\t\t\t<h2 class=\"elementor-heading-title elementor-size-default\">Nossos diferenciais<\/h2>\t\t\t\t<\/div>\n\t\t\t\t<div class=\"elementor-element elementor-element-7440f09 elementor-widget__width-initial animated-slow elementor-invisible elementor-widget elementor-widget-text-editor\" data-id=\"7440f09\" data-element_type=\"widget\" data-e-type=\"widget\" data-settings=\"{&quot;_animation&quot;:&quot;fadeInUp&quot;}\" data-widget_type=\"text-editor.default\">\n\t\t\t\t\t\t\t\t\t<p>Na FFIVE Ambientes Planejados, cada projeto \u00e9 executado com precis\u00e3o, cuidado e tecnologia de ponta.<\/p>\t\t\t\t\t\t\t\t<\/div>\n\t\t\t\t<div class=\"elementor-element elementor-element-04b785a elementor-align-left botao-degrade-animado elementor-mobile-align-left elementor-widget elementor-widget-button\" data-id=\"04b785a\" data-element_type=\"widget\" data-e-type=\"widget\" data-widget_type=\"button.default\">\n\t\t\t\t\t\t\t\t\t\t<a class=\"elementor-button elementor-button-link elementor-size-sm\" href=\"https:\/\/wa.me\/5541991072025?text=Ol%C3%A1%2C%20gostaria%20de%20fazer%20um%20or%C3%A7amento!\">\n\t\t\t\t\t\t<span class=\"elementor-button-content-wrapper\">\n\t\t\t\t\t\t\t\t\t<span class=\"elementor-button-text\">SOLICITE SEU PROJETO<\/span>\n\t\t\t\t\t<\/span>\n\t\t\t\t\t<\/a>\n\t\t\t\t\t\t\t\t<\/div>\n\t\t\t\t<\/div>\n\t\t\t\t<\/div>\n\t\t<div class=\"elementor-element elementor-element-761521e e-flex e-con-boxed e-con e-parent\" data-id=\"761521e\" data-element_type=\"container\" data-e-type=\"container\" data-settings=\"{&quot;background_background&quot;:&quot;classic&quot;,&quot;_ha_eqh_enable&quot;:false}\">\n\t\t\t\t\t<div class=\"e-con-inner\">\n\t\t<div class=\"elementor-element elementor-element-200f50f e-con-full scroll-bottom e-flex e-con e-child\" data-id=\"200f50f\" data-element_type=\"container\" data-e-type=\"container\" data-settings=\"{&quot;background_background&quot;:&quot;classic&quot;,&quot;_ha_eqh_enable&quot;:false}\">\n\t\t<div class=\"elementor-element elementor-element-4f9ced8 e-con-full animated-slow elementor-hidden-tablet_extra elementor-hidden-tablet elementor-hidden-mobile_extra elementor-hidden-mobile e-flex elementor-invisible e-con e-child\" data-id=\"4f9ced8\" data-element_type=\"container\" data-e-type=\"container\" data-settings=\"{&quot;background_background&quot;:&quot;classic&quot;,&quot;animation&quot;:&quot;fadeInLeft&quot;,&quot;sticky&quot;:&quot;top&quot;,&quot;sticky_offset&quot;:1,&quot;sticky_effects_offset&quot;:1,&quot;sticky_parent&quot;:&quot;yes&quot;,&quot;_ha_eqh_enable&quot;:false,&quot;sticky_on&quot;:[&quot;widescreen&quot;,&quot;desktop&quot;,&quot;laptop&quot;,&quot;tablet_extra&quot;,&quot;tablet&quot;,&quot;mobile_extra&quot;,&quot;mobile&quot;],&quot;sticky_anchor_link_offset&quot;:0}\">\n\t\t\t\t<div class=\"elementor-element elementor-element-0009e36 elementor-widget__width-initial elementor-widget elementor-widget-video\" data-id=\"0009e36\" data-element_type=\"widget\" data-e-type=\"widget\" data-settings=\"{&quot;youtube_url&quot;:&quot;https:\\\/\\\/www.youtube.com\\\/watch?v=XHOmBV4js_E&quot;,&quot;video_type&quot;:&quot;youtube&quot;,&quot;controls&quot;:&quot;yes&quot;}\" data-widget_type=\"video.default\">\n\t\t\t\t\t\t\t<div class=\"elementor-wrapper elementor-open-inline\">\n\t\t\t<div class=\"elementor-video\"><\/div>\t\t<\/div>\n\t\t\t\t\t\t<\/div>\n\t\t\t\t<\/div>\n\t\t<div class=\"elementor-element elementor-element-21d7757 e-con-full card-hover-up e-flex elementor-invisible e-con e-child\" data-id=\"21d7757\" data-element_type=\"container\" data-e-type=\"container\" data-settings=\"{&quot;background_background&quot;:&quot;classic&quot;,&quot;animation&quot;:&quot;slideInUp&quot;,&quot;_ha_eqh_enable&quot;:false}\">\n\t\t<div class=\"elementor-element elementor-element-4e584b3 e-con-full elementor-hidden-widescreen elementor-hidden-desktop elementor-hidden-laptop e-flex e-con e-child\" data-id=\"4e584b3\" data-element_type=\"container\" data-e-type=\"container\" data-settings=\"{&quot;_ha_eqh_enable&quot;:false}\">\n\t\t\t\t<div class=\"elementor-element elementor-element-6051bba elementor-widget__width-initial elementor-widget elementor-widget-video\" data-id=\"6051bba\" data-element_type=\"widget\" data-e-type=\"widget\" data-settings=\"{&quot;youtube_url&quot;:&quot;https:\\\/\\\/www.youtube.com\\\/watch?v=XHOmBV4js_E&quot;,&quot;video_type&quot;:&quot;youtube&quot;,&quot;controls&quot;:&quot;yes&quot;}\" data-widget_type=\"video.default\">\n\t\t\t\t\t\t\t<div class=\"elementor-wrapper elementor-open-inline\">\n\t\t\t<div class=\"elementor-video\"><\/div>\t\t<\/div>\n\t\t\t\t\t\t<\/div>\n\t\t\t\t<\/div>\n\t\t<div class=\"elementor-element elementor-element-10fc3bf e-con-full e-flex e-con e-child\" data-id=\"10fc3bf\" data-element_type=\"container\" data-e-type=\"container\" data-settings=\"{&quot;background_background&quot;:&quot;classic&quot;,&quot;_ha_eqh_enable&quot;:false}\">\n\t\t\t\t<div class=\"elementor-element elementor-element-4b7be1c elementor-position-left elementor-vertical-align-middle elementor-widget elementor-widget-image-box\" data-id=\"4b7be1c\" data-element_type=\"widget\" data-e-type=\"widget\" data-widget_type=\"image-box.default\">\n\t\t\t\t\t<div class=\"elementor-image-box-wrapper\"><figure class=\"elementor-image-box-img\"><img fetchpriority=\"high\" decoding=\"async\" width=\"512\" height=\"512\" src=\"https:\/\/ffivemoveis.com.br\/wp-content\/uploads\/2025\/08\/marca-de-verificacao-3.png\" class=\"attachment-full size-full wp-image-1544\" alt=\"\" srcset=\"https:\/\/ffivemoveis.com.br\/wp-content\/uploads\/2025\/08\/marca-de-verificacao-3.png 512w, https:\/\/ffivemoveis.com.br\/wp-content\/uploads\/2025\/08\/marca-de-verificacao-3-300x300.png 300w, https:\/\/ffivemoveis.com.br\/wp-content\/uploads\/2025\/08\/marca-de-verificacao-3-150x150.png 150w\" sizes=\"(max-width: 512px) 100vw, 512px\" \/><\/figure><div class=\"elementor-image-box-content\"><h3 class=\"elementor-image-box-title\">Tecnologia de Precis\u00e3o<\/h3><p class=\"elementor-image-box-description\">Corte milim\u00e9trico e perfeito com usinagem CNC Router e acabamento impec\u00e1vel com coladeira autom\u00e1tica garantem que cada m\u00f3vel se encaixe com exatid\u00e3o.<\/p><\/div><\/div>\t\t\t\t<\/div>\n\t\t\t\t<\/div>\n\t\t<div class=\"elementor-element elementor-element-1270726 e-con-full e-flex e-con e-child\" data-id=\"1270726\" data-element_type=\"container\" data-e-type=\"container\" data-settings=\"{&quot;background_background&quot;:&quot;classic&quot;,&quot;_ha_eqh_enable&quot;:false}\">\n\t\t\t\t<div class=\"elementor-element elementor-element-b8b13aa elementor-position-left elementor-vertical-align-middle elementor-widget elementor-widget-image-box\" data-id=\"b8b13aa\" data-element_type=\"widget\" data-e-type=\"widget\" data-widget_type=\"image-box.default\">\n\t\t\t\t\t<div class=\"elementor-image-box-wrapper\"><figure class=\"elementor-image-box-img\"><img fetchpriority=\"high\" decoding=\"async\" width=\"512\" height=\"512\" src=\"https:\/\/ffivemoveis.com.br\/wp-content\/uploads\/2025\/08\/marca-de-verificacao-3.png\" class=\"attachment-full size-full wp-image-1544\" alt=\"\" srcset=\"https:\/\/ffivemoveis.com.br\/wp-content\/uploads\/2025\/08\/marca-de-verificacao-3.png 512w, https:\/\/ffivemoveis.com.br\/wp-content\/uploads\/2025\/08\/marca-de-verificacao-3-300x300.png 300w, https:\/\/ffivemoveis.com.br\/wp-content\/uploads\/2025\/08\/marca-de-verificacao-3-150x150.png 150w\" sizes=\"(max-width: 512px) 100vw, 512px\" \/><\/figure><div class=\"elementor-image-box-content\"><h3 class=\"elementor-image-box-title\">Compromisso com Prazos<\/h3><p class=\"elementor-image-box-description\">Gest\u00e3o eficiente com cronogramas reais, planejamento t\u00e9cnico e compromisso real com prazos. Entrega no prazo \u00e9 regra por aqui.\n<\/p><\/div><\/div>\t\t\t\t<\/div>\n\t\t\t\t<\/div>\n\t\t<div class=\"elementor-element elementor-element-56927c2 e-con-full e-flex e-con e-child\" data-id=\"56927c2\" data-element_type=\"container\" data-e-type=\"container\" data-settings=\"{&quot;background_background&quot;:&quot;classic&quot;,&quot;_ha_eqh_enable&quot;:false}\">\n\t\t\t\t<div class=\"elementor-element elementor-element-76808c0 elementor-position-left elementor-vertical-align-middle elementor-widget elementor-widget-image-box\" data-id=\"76808c0\" data-element_type=\"widget\" data-e-type=\"widget\" data-widget_type=\"image-box.default\">\n\t\t\t\t\t<div class=\"elementor-image-box-wrapper\"><figure class=\"elementor-image-box-img\"><img fetchpriority=\"high\" decoding=\"async\" width=\"512\" height=\"512\" src=\"https:\/\/ffivemoveis.com.br\/wp-content\/uploads\/2025\/08\/marca-de-verificacao-3.png\" class=\"attachment-full size-full wp-image-1544\" alt=\"\" srcset=\"https:\/\/ffivemoveis.com.br\/wp-content\/uploads\/2025\/08\/marca-de-verificacao-3.png 512w, https:\/\/ffivemoveis.com.br\/wp-content\/uploads\/2025\/08\/marca-de-verificacao-3-300x300.png 300w, https:\/\/ffivemoveis.com.br\/wp-content\/uploads\/2025\/08\/marca-de-verificacao-3-150x150.png 150w\" sizes=\"(max-width: 512px) 100vw, 512px\" \/><\/figure><div class=\"elementor-image-box-content\"><h3 class=\"elementor-image-box-title\">Acabamento de Alto Padr\u00e3o<\/h3><p class=\"elementor-image-box-description\">Detalhes com moldura refinadas, usinagem precisa, ilumina\u00e7\u00e3o embutida, puxadores personalizados. Cada detalhe transmite refinamento e sofistica\u00e7\u00e3o.<\/p><\/div><\/div>\t\t\t\t<\/div>\n\t\t\t\t<\/div>\n\t\t<div class=\"elementor-element elementor-element-7ca8c0c e-con-full e-flex e-con e-child\" data-id=\"7ca8c0c\" data-element_type=\"container\" data-e-type=\"container\" data-settings=\"{&quot;background_background&quot;:&quot;classic&quot;,&quot;_ha_eqh_enable&quot;:false}\">\n\t\t\t\t<div class=\"elementor-element elementor-element-660645f elementor-position-left elementor-vertical-align-middle elementor-widget elementor-widget-image-box\" data-id=\"660645f\" data-element_type=\"widget\" data-e-type=\"widget\" data-widget_type=\"image-box.default\">\n\t\t\t\t\t<div class=\"elementor-image-box-wrapper\"><figure class=\"elementor-image-box-img\"><img fetchpriority=\"high\" decoding=\"async\" width=\"512\" height=\"512\" src=\"https:\/\/ffivemoveis.com.br\/wp-content\/uploads\/2025\/08\/marca-de-verificacao-3.png\" class=\"attachment-full size-full wp-image-1544\" alt=\"\" srcset=\"https:\/\/ffivemoveis.com.br\/wp-content\/uploads\/2025\/08\/marca-de-verificacao-3.png 512w, https:\/\/ffivemoveis.com.br\/wp-content\/uploads\/2025\/08\/marca-de-verificacao-3-300x300.png 300w, https:\/\/ffivemoveis.com.br\/wp-content\/uploads\/2025\/08\/marca-de-verificacao-3-150x150.png 150w\" sizes=\"(max-width: 512px) 100vw, 512px\" \/><\/figure><div class=\"elementor-image-box-content\"><h3 class=\"elementor-image-box-title\">Sustentabilidade com Resultado<\/h3><p class=\"elementor-image-box-description\">Aproveitamento de mais de 96% das chapas com tecnologia avan\u00e7ada. Menos desperd\u00edcio, mais consci\u00eancia e benef\u00edcios para os clientes.\n<\/p><\/div><\/div>\t\t\t\t<\/div>\n\t\t\t\t<\/div>\n\t\t<div class=\"elementor-element elementor-element-880a19f e-con-full e-flex e-con e-child\" data-id=\"880a19f\" data-element_type=\"container\" data-e-type=\"container\" data-settings=\"{&quot;background_background&quot;:&quot;classic&quot;,&quot;_ha_eqh_enable&quot;:false}\">\n\t\t\t\t<div class=\"elementor-element elementor-element-ffe3db8 elementor-position-left elementor-vertical-align-middle elementor-widget elementor-widget-image-box\" data-id=\"ffe3db8\" data-element_type=\"widget\" data-e-type=\"widget\" data-widget_type=\"image-box.default\">\n\t\t\t\t\t<div class=\"elementor-image-box-wrapper\"><figure class=\"elementor-image-box-img\"><img fetchpriority=\"high\" decoding=\"async\" width=\"512\" height=\"512\" src=\"https:\/\/ffivemoveis.com.br\/wp-content\/uploads\/2025\/08\/marca-de-verificacao-3.png\" class=\"attachment-full size-full wp-image-1544\" alt=\"\" srcset=\"https:\/\/ffivemoveis.com.br\/wp-content\/uploads\/2025\/08\/marca-de-verificacao-3.png 512w, https:\/\/ffivemoveis.com.br\/wp-content\/uploads\/2025\/08\/marca-de-verificacao-3-300x300.png 300w, https:\/\/ffivemoveis.com.br\/wp-content\/uploads\/2025\/08\/marca-de-verificacao-3-150x150.png 150w\" sizes=\"(max-width: 512px) 100vw, 512px\" \/><\/figure><div class=\"elementor-image-box-content\"><h3 class=\"elementor-image-box-title\">Atendimento Consultivo e Personalizado<\/h3><p class=\"elementor-image-box-description\">Nossos clientes n\u00e3o recebem apenas um or\u00e7amento, mas uma proposta t\u00e9cnica com an\u00e1lise est\u00e9tica e total alinhamento com suas necessidades.<\/p><\/div><\/div>\t\t\t\t<\/div>\n\t\t\t\t<\/div>\n\t\t<div class=\"elementor-element elementor-element-5f7f508 e-con-full e-flex e-con e-child\" data-id=\"5f7f508\" data-element_type=\"container\" data-e-type=\"container\" data-settings=\"{&quot;background_background&quot;:&quot;classic&quot;,&quot;_ha_eqh_enable&quot;:false}\">\n\t\t\t\t<div class=\"elementor-element elementor-element-cd6ab1e elementor-position-left elementor-vertical-align-middle elementor-widget elementor-widget-image-box\" data-id=\"cd6ab1e\" data-element_type=\"widget\" data-e-type=\"widget\" data-widget_type=\"image-box.default\">\n\t\t\t\t\t<div class=\"elementor-image-box-wrapper\"><figure class=\"elementor-image-box-img\"><img fetchpriority=\"high\" decoding=\"async\" width=\"512\" height=\"512\" src=\"https:\/\/ffivemoveis.com.br\/wp-content\/uploads\/2025\/08\/marca-de-verificacao-3.png\" class=\"attachment-full size-full wp-image-1544\" alt=\"\" srcset=\"https:\/\/ffivemoveis.com.br\/wp-content\/uploads\/2025\/08\/marca-de-verificacao-3.png 512w, https:\/\/ffivemoveis.com.br\/wp-content\/uploads\/2025\/08\/marca-de-verificacao-3-300x300.png 300w, https:\/\/ffivemoveis.com.br\/wp-content\/uploads\/2025\/08\/marca-de-verificacao-3-150x150.png 150w\" sizes=\"(max-width: 512px) 100vw, 512px\" \/><\/figure><div class=\"elementor-image-box-content\"><h3 class=\"elementor-image-box-title\">Parceria Perfeita com Arquitetos e Designers<\/h3><p class=\"elementor-image-box-description\">Somos parceiros confi\u00e1veis na execu\u00e7\u00e3o de projetos com o melhor atendimento t\u00e9cnico, suporte completo \u00e0 obra (antes e depois) e fidelidade ao projeto com agilidade em cada fase.<\/p><\/div><\/div>\t\t\t\t<\/div>\n\t\t\t\t<\/div>\n\t\t<div class=\"elementor-element elementor-element-728cd7b e-con-full e-flex e-con e-child\" data-id=\"728cd7b\" data-element_type=\"container\" data-e-type=\"container\" data-settings=\"{&quot;background_background&quot;:&quot;classic&quot;,&quot;_ha_eqh_enable&quot;:false}\">\n\t\t\t\t<div class=\"elementor-element elementor-element-bea6bd5 elementor-position-left elementor-vertical-align-middle elementor-widget elementor-widget-image-box\" data-id=\"bea6bd5\" data-element_type=\"widget\" data-e-type=\"widget\" data-widget_type=\"image-box.default\">\n\t\t\t\t\t<div class=\"elementor-image-box-wrapper\"><figure class=\"elementor-image-box-img\"><img fetchpriority=\"high\" decoding=\"async\" width=\"512\" height=\"512\" src=\"https:\/\/ffivemoveis.com.br\/wp-content\/uploads\/2025\/08\/marca-de-verificacao-3.png\" class=\"attachment-full size-full wp-image-1544\" alt=\"\" srcset=\"https:\/\/ffivemoveis.com.br\/wp-content\/uploads\/2025\/08\/marca-de-verificacao-3.png 512w, https:\/\/ffivemoveis.com.br\/wp-content\/uploads\/2025\/08\/marca-de-verificacao-3-300x300.png 300w, https:\/\/ffivemoveis.com.br\/wp-content\/uploads\/2025\/08\/marca-de-verificacao-3-150x150.png 150w\" sizes=\"(max-width: 512px) 100vw, 512px\" \/><\/figure><div class=\"elementor-image-box-content\"><h3 class=\"elementor-image-box-title\"> Portf\u00f3lio diversificado<\/h3><p class=\"elementor-image-box-description\">De cozinhas e closets a escrit\u00f3rios e consult\u00f3rios de alto padr\u00e3o, atuamos com excel\u00eancia em todos os tipos de ambientes planejados.<\/p><\/div><\/div>\t\t\t\t<\/div>\n\t\t\t\t<\/div>\n\t\t<div class=\"elementor-element elementor-element-044b3d9 e-con-full e-flex e-con e-child\" data-id=\"044b3d9\" data-element_type=\"container\" data-e-type=\"container\" data-settings=\"{&quot;background_background&quot;:&quot;classic&quot;,&quot;_ha_eqh_enable&quot;:false}\">\n\t\t\t\t<div class=\"elementor-element elementor-element-8b17664 elementor-position-left elementor-vertical-align-middle elementor-widget elementor-widget-image-box\" data-id=\"8b17664\" data-element_type=\"widget\" data-e-type=\"widget\" data-widget_type=\"image-box.default\">\n\t\t\t\t\t<div class=\"elementor-image-box-wrapper\"><figure class=\"elementor-image-box-img\"><img fetchpriority=\"high\" decoding=\"async\" width=\"512\" height=\"512\" src=\"https:\/\/ffivemoveis.com.br\/wp-content\/uploads\/2025\/08\/marca-de-verificacao-3.png\" class=\"attachment-full size-full wp-image-1544\" alt=\"\" srcset=\"https:\/\/ffivemoveis.com.br\/wp-content\/uploads\/2025\/08\/marca-de-verificacao-3.png 512w, https:\/\/ffivemoveis.com.br\/wp-content\/uploads\/2025\/08\/marca-de-verificacao-3-300x300.png 300w, https:\/\/ffivemoveis.com.br\/wp-content\/uploads\/2025\/08\/marca-de-verificacao-3-150x150.png 150w\" sizes=\"(max-width: 512px) 100vw, 512px\" \/><\/figure><div class=\"elementor-image-box-content\"><h3 class=\"elementor-image-box-title\">Equipe T\u00e9cnica Especializada<\/h3><p class=\"elementor-image-box-description\">Com mais de 18 anos de experi\u00eancia, temos profissionais altamente qualificados e treinados em todos os processos t\u00e9cnicos para proporcionar uma execu\u00e7\u00e3o segura e refinada.\n<\/p><\/div><\/div>\t\t\t\t<\/div>\n\t\t\t\t<\/div>\n\t\t<div class=\"elementor-element elementor-element-e37923c e-con-full e-flex e-con e-child\" data-id=\"e37923c\" data-element_type=\"container\" data-e-type=\"container\" data-settings=\"{&quot;background_background&quot;:&quot;classic&quot;,&quot;_ha_eqh_enable&quot;:false}\">\n\t\t\t\t<div class=\"elementor-element elementor-element-02659ed elementor-position-left elementor-vertical-align-middle elementor-widget elementor-widget-image-box\" data-id=\"02659ed\" data-element_type=\"widget\" data-e-type=\"widget\" data-widget_type=\"image-box.default\">\n\t\t\t\t\t<div class=\"elementor-image-box-wrapper\"><figure class=\"elementor-image-box-img\"><img fetchpriority=\"high\" decoding=\"async\" width=\"512\" height=\"512\" src=\"https:\/\/ffivemoveis.com.br\/wp-content\/uploads\/2025\/08\/marca-de-verificacao-3.png\" class=\"attachment-full size-full wp-image-1544\" alt=\"\" srcset=\"https:\/\/ffivemoveis.com.br\/wp-content\/uploads\/2025\/08\/marca-de-verificacao-3.png 512w, https:\/\/ffivemoveis.com.br\/wp-content\/uploads\/2025\/08\/marca-de-verificacao-3-300x300.png 300w, https:\/\/ffivemoveis.com.br\/wp-content\/uploads\/2025\/08\/marca-de-verificacao-3-150x150.png 150w\" sizes=\"(max-width: 512px) 100vw, 512px\" \/><\/figure><div class=\"elementor-image-box-content\"><h3 class=\"elementor-image-box-title\">Solu\u00e7\u00f5es sob Medida<\/h3><p class=\"elementor-image-box-description\">Criamos solu\u00e7\u00f5es sob medida que integram est\u00e9tica, durabilidade e intelig\u00eancia no uso dos espa\u00e7os, com visual moderno ou cl\u00e1ssico, de acordo com a exig\u00eancia do projeto.<\/p><\/div><\/div>\t\t\t\t<\/div>\n\t\t\t\t<\/div>\n\t\t<div class=\"elementor-element elementor-element-c3b260d e-con-full e-flex e-con e-child\" data-id=\"c3b260d\" data-element_type=\"container\" data-e-type=\"container\" data-settings=\"{&quot;background_background&quot;:&quot;classic&quot;,&quot;_ha_eqh_enable&quot;:false}\">\n\t\t\t\t<div class=\"elementor-element elementor-element-1f01cc5 elementor-align-left botao-degrade-animado elementor-widget elementor-widget-button\" data-id=\"1f01cc5\" data-element_type=\"widget\" data-e-type=\"widget\" data-widget_type=\"button.default\">\n\t\t\t\t\t\t\t\t\t\t<a class=\"elementor-button elementor-button-link elementor-size-sm\" href=\"https:\/\/wa.me\/5541991072025?text=Ol%C3%A1%2C%20gostaria%20de%20fazer%20um%20or%C3%A7amento!\">\n\t\t\t\t\t\t<span class=\"elementor-button-content-wrapper\">\n\t\t\t\t\t\t\t\t\t<span class=\"elementor-button-text\">SOLICITE SEU PROJETO<\/span>\n\t\t\t\t\t<\/span>\n\t\t\t\t\t<\/a>\n\t\t\t\t\t\t\t\t<\/div>\n\t\t\t\t<div class=\"elementor-element elementor-element-6fd9cad elementor-align-left botao-degrade-animado elementor-mobile-align-center elementor-widget elementor-widget-button\" data-id=\"6fd9cad\" data-element_type=\"widget\" data-e-type=\"widget\" data-widget_type=\"button.default\">\n\t\t\t\t\t\t\t\t\t\t<a class=\"elementor-button elementor-button-link elementor-size-sm\" href=\"https:\/\/ffivemoveis.com.br\/index.php\/portfolio\">\n\t\t\t\t\t\t<span class=\"elementor-button-content-wrapper\">\n\t\t\t\t\t\t\t\t\t<span class=\"elementor-button-text\">VER PORTF\u00d3LIO<\/span>\n\t\t\t\t\t<\/span>\n\t\t\t\t\t<\/a>\n\t\t\t\t\t\t\t\t<\/div>\n\t\t\t\t<\/div>\n\t\t\t\t<\/div>\n\t\t\t\t<\/div>\n\t\t\t\t\t<\/div>\n\t\t\t\t<\/div>\n\t\t\t\t<\/div>\n\t\t","protected":false},"excerpt":{"rendered":"<p>Nossos diferenciais Na FFIVE Ambientes Planejados, cada projeto \u00e9 executado com precis\u00e3o, cuidado e tecnologia de ponta. SOLICITE SEU PROJETO https:\/\/www.youtube.com\/watch?v=XHOmBV4js_Ehttps:\/\/www.youtube.com\/watch?v=XHOmBV4js_E Tecnologia de Precis\u00e3o Corte milim\u00e9trico e perfeito com usinagem CNC Router e acabamento impec\u00e1vel com coladeira autom\u00e1tica garantem que cada m\u00f3vel se encaixe com exatid\u00e3o. Compromisso com Prazos Gest\u00e3o eficiente com cronogramas reais, planejamento [&hellip;]<\/p>\n","protected":false},"author":3,"featured_media":0,"parent":0,"menu_order":0,"comment_status":"closed","ping_status":"closed","template":"","meta":{"footnotes":""},"class_list":["post-1196","page","type-page","status-publish","hentry"],"_links":{"self":[{"href":"https:\/\/ffivemoveis.com.br\/index.php\/wp-json\/wp\/v2\/pages\/1196","targetHints":{"allow":["GET"]}}],"collection":[{"href":"https:\/\/ffivemoveis.com.br\/index.php\/wp-json\/wp\/v2\/pages"}],"about":[{"href":"https:\/\/ffivemoveis.com.br\/index.php\/wp-json\/wp\/v2\/types\/page"}],"author":[{"embeddable":true,"href":"https:\/\/ffivemoveis.com.br\/index.php\/wp-json\/wp\/v2\/users\/3"}],"replies":[{"embeddable":true,"href":"https:\/\/ffivemoveis.com.br\/index.php\/wp-json\/wp\/v2\/comments?post=1196"}],"version-history":[{"count":3,"href":"https:\/\/ffivemoveis.com.br\/index.php\/wp-json\/wp\/v2\/pages\/1196\/revisions"}],"predecessor-version":[{"id":2128,"href":"https:\/\/ffivemoveis.com.br\/index.php\/wp-json\/wp\/v2\/pages\/1196\/revisions\/2128"}],"wp:attachment":[{"href":"https:\/\/ffivemoveis.com.br\/index.php\/wp-json\/wp\/v2\/media?parent=1196"}],"curies":[{"name":"wp","href":"https:\/\/api.w.org\/{rel}","templated":true}]}}